{"id":54,"date":"2026-04-17T19:35:38","date_gmt":"2026-04-18T00:35:38","guid":{"rendered":"https:\/\/www.magentaeditorial.com\/?post_type=product&#038;p=54"},"modified":"2026-04-17T19:35:39","modified_gmt":"2026-04-18T00:35:39","slug":"filosofia-de-la-libertad","status":"publish","type":"product","link":"https:\/\/www.magentaeditorial.com\/?product=filosofia-de-la-libertad","title":{"rendered":"Filosofia de la libertad"},"content":{"rendered":"","protected":false},"excerpt":{"rendered":"<p><span data-subtree=\"aimfl,mfl\" data-processed=\"true\">&#8220;<\/span><span data-sfc-root=\"c\" data-wiz-uids=\"qfdvbd_g\" data-sfc-cb=\"\" data-processed=\"true\"><a class=\"GI370e\" href=\"https:\/\/www.google.com\/search?q=La+Filosof%C3%ADa+de+la+Libertad&amp;sca_esv=ce2b281a184f0016&amp;rlz=1C5CHFA_enCO1121CO1121&amp;biw=1209&amp;bih=662&amp;sxsrf=ANbL-n6--ro-T-d_GXBoIfhU3b7WpEG-OQ%3A1776472419023&amp;ei=Y9HiaaWRAY-WwbkPj8bJwAw&amp;oq=La+filosof%C3%ADa+de+la+libertad+sinopsis&amp;gs_lp=Egxnd3Mtd2l6LXNlcnAiJUxhIGZpbG9zb2bDrWEgZGUgbGEgbGliZXJ0YWQgc2lub3BzaXMqAggAMgUQIRigAUiEHFCsBVj3EnABeACQAQCYAbADoAHoFKoBCTAuMy40LjIuMbgBA8gBAPgBAZgCCqACyBLCAgoQABiwAxjWBBhHwgINEAAYgAQYsAMYQxiKBcICBRAAGIAEwgIGEAAYFhgewgIIEAAYgAQYogTCAgUQABjvBcICCBAAGKIEGIkFwgIFECEYnwXCAgQQIRgVmAMAiAYBkAYKkgcJMS4yLjQuMi4xoAeoKrIHCTAuMi40LjIuMbgHxhLCBwUwLjguMsgHFIAIAA&amp;sclient=gws-wiz-serp&amp;mstk=AUtExfAnoVOVt0wiEjyeILPj7h5zIC2pqb274tk6Xd74O4AzXXna3YJaRmGpuHcGV5_zJjQ_Gm_vv8X0HkBy6Zrpvvj7oDoA27aJLmnt-wqMUZ8wJqzcxe--OvSrVAq_I-JCU2v8eqvEg6e8xBYD0-VBFw_jmjzVOrk-2oJDpQloDb1VJ4-UIrxfP3PX389N8FqMVNaqdGiziWDZUcLvFqDMcDqLsTO0RhmG0a-3KP5jcL6Ld8ETxT2s98IPE0rJEDpUGAqMVA67boTkY454zraZF0A43olhxQ9Dxrr8x7vI43NmiyFEYLjLFrRkpecKe9QdXg&amp;csui=3&amp;ved=2ahUKEwjD8Z7sk_aTAxWcSjABHULfAD8QgK4QegQIARAB\" data-ved=\"2ahUKEwjD8Z7sk_aTAxWcSjABHULfAD8QgK4QegQIARAB\" data-hveid=\"CAEQAQ\" data-processed=\"true\">La Filosof\u00eda de la Libertad<\/a><\/span>&#8221; (1894) de\u00a0<span data-sfc-root=\"c\" data-wiz-uids=\"qfdvbd_i\" data-sfc-cb=\"\" data-processed=\"true\"><a class=\"GI370e\" href=\"https:\/\/www.google.com\/search?q=Rudolf+Steiner&amp;sca_esv=ce2b281a184f0016&amp;rlz=1C5CHFA_enCO1121CO1121&amp;biw=1209&amp;bih=662&amp;sxsrf=ANbL-n6--ro-T-d_GXBoIfhU3b7WpEG-OQ%3A1776472419023&amp;ei=Y9HiaaWRAY-WwbkPj8bJwAw&amp;oq=La+filosof%C3%ADa+de+la+libertad+sinopsis&amp;gs_lp=Egxnd3Mtd2l6LXNlcnAiJUxhIGZpbG9zb2bDrWEgZGUgbGEgbGliZXJ0YWQgc2lub3BzaXMqAggAMgUQIRigAUiEHFCsBVj3EnABeACQAQCYAbADoAHoFKoBCTAuMy40LjIuMbgBA8gBAPgBAZgCCqACyBLCAgoQABiwAxjWBBhHwgINEAAYgAQYsAMYQxiKBcICBRAAGIAEwgIGEAAYFhgewgIIEAAYgAQYogTCAgUQABjvBcICCBAAGKIEGIkFwgIFECEYnwXCAgQQIRgVmAMAiAYBkAYKkgcJMS4yLjQuMi4xoAeoKrIHCTAuMi40LjIuMbgHxhLCBwUwLjguMsgHFIAIAA&amp;sclient=gws-wiz-serp&amp;mstk=AUtExfAnoVOVt0wiEjyeILPj7h5zIC2pqb274tk6Xd74O4AzXXna3YJaRmGpuHcGV5_zJjQ_Gm_vv8X0HkBy6Zrpvvj7oDoA27aJLmnt-wqMUZ8wJqzcxe--OvSrVAq_I-JCU2v8eqvEg6e8xBYD0-VBFw_jmjzVOrk-2oJDpQloDb1VJ4-UIrxfP3PX389N8FqMVNaqdGiziWDZUcLvFqDMcDqLsTO0RhmG0a-3KP5jcL6Ld8ETxT2s98IPE0rJEDpUGAqMVA67boTkY454zraZF0A43olhxQ9Dxrr8x7vI43NmiyFEYLjLFrRkpecKe9QdXg&amp;csui=3&amp;ved=2ahUKEwjD8Z7sk_aTAxWcSjABHULfAD8QgK4QegQIARAC\" data-ved=\"2ahUKEwjD8Z7sk_aTAxWcSjABHULfAD8QgK4QegQIARAC\" data-hveid=\"CAEQAg\" data-processed=\"true\">Rudolf Steiner<\/a><\/span>\u00a0es una\u00a0<mark class=\"HxTRcb\" data-sfc-root=\"c\" data-sfc-cb=\"\" data-processed=\"true\">obra fundamental que busca fundamentar la libertad humana en el pensamiento racional y la experiencia interna, m\u00e1s all\u00e1 de los dogmas<\/mark>. Steiner propone el \u00abindividualismo \u00e9tico\u00bb, argumentando que el ser humano es libre cuando act\u00faa por motivaciones propias (imaginaci\u00f3n moral) tras superar las limitaciones de la percepci\u00f3n sensorial y el condicionamiento externo.<span class=\"uJ19be notranslate\" data-sfc-root=\"c\" data-wiz-uids=\"qfdvbd_l,qfdvbd_m\" data-sfc-cb=\"\" data-processed=\"true\"><span class=\"vKEkVd\" data-animation-atomic=\"\" data-wiz-attrbind=\"class=qfdvbd_k\/TKHnVd\" data-processed=\"true\"><span aria-hidden=\"true\" data-processed=\"true\">\u00a0<\/span><\/span><\/span><\/p>\n","protected":false},"featured_media":0,"comment_status":"open","ping_status":"closed","template":"","meta":[],"product_brand":[],"product_cat":[25],"product_tag":[],"class_list":{"0":"post-54","1":"product","2":"type-product","3":"status-publish","5":"product_cat-antroposofia","7":"first","8":"instock","9":"taxable","10":"shipping-taxable","11":"product-type-simple"},"_links":{"self":[{"href":"https:\/\/www.magentaeditorial.com\/index.php?rest_route=\/wp\/v2\/product\/54","targetHints":{"allow":["GET"]}}],"collection":[{"href":"https:\/\/www.magentaeditorial.com\/index.php?rest_route=\/wp\/v2\/product"}],"about":[{"href":"https:\/\/www.magentaeditorial.com\/index.php?rest_route=\/wp\/v2\/types\/product"}],"replies":[{"embeddable":true,"href":"https:\/\/www.magentaeditorial.com\/index.php?rest_route=%2Fwp%2Fv2%2Fcomments&post=54"}],"wp:attachment":[{"href":"https:\/\/www.magentaeditorial.com\/index.php?rest_route=%2Fwp%2Fv2%2Fmedia&parent=54"}],"wp:term":[{"taxonomy":"product_brand","embeddable":true,"href":"https:\/\/www.magentaeditorial.com\/index.php?rest_route=%2Fwp%2Fv2%2Fproduct_brand&post=54"},{"taxonomy":"product_cat","embeddable":true,"href":"https:\/\/www.magentaeditorial.com\/index.php?rest_route=%2Fwp%2Fv2%2Fproduct_cat&post=54"},{"taxonomy":"product_tag","embeddable":true,"href":"https:\/\/www.magentaeditorial.com\/index.php?rest_route=%2Fwp%2Fv2%2Fproduct_tag&post=54"}],"curies":[{"name":"wp","href":"https:\/\/api.w.org\/{rel}","templated":true}]}}