{"id":78,"date":"2026-04-29T12:33:24","date_gmt":"2026-04-29T17:33:24","guid":{"rendered":"https:\/\/www.magentaeditorial.com\/?page_id=78"},"modified":"2026-04-29T12:33:25","modified_gmt":"2026-04-29T17:33:25","slug":"restauracion-sanar-el-cuerpo-de-la-sabiduria","status":"publish","type":"page","link":"https:\/\/www.magentaeditorial.com\/?page_id=78","title":{"rendered":"Restauraci\u00f3n: Sanar el Cuerpo de la Sabidur\u00eda"},"content":{"rendered":"\n<p><em>Respetamos las cicatrices que el tiempo y el estudio han dejado en tus obras m\u00e1s queridas.<\/em><\/p>\n\n\n\n<p>Un libro que ha sido le\u00eddo y consultado tiene una historia que va m\u00e1s all\u00e1 de sus palabras. Nuestro servicio de restauraci\u00f3n no busca borrar el pasado, sino devolverle al libro su funcionalidad y dignidad.<\/p>\n\n\n\n<ul class=\"wp-block-list\">\n<li><strong>Intervenci\u00f3n Respetuosa:<\/strong> Reparamos hojas sueltas y fortalecemos tapas desgastadas con un profundo respeto an\u00edmico por el autor y el propietario.<\/li>\n\n\n\n<li><strong>Renacimiento Estructural:<\/strong> Si la obra lo requiere, realizamos un recocido manual y un nuevo empastado, asegurando que el cuerpo del libro recupere su solidez.<\/li>\n\n\n\n<li><strong>Honestidad Artesanal:<\/strong> Nuestra labor es de sanaci\u00f3n, no de invenci\u00f3n. Reparamos lo existente, respetando la p\u00e1tina del tiempo y la integridad original de la obra, sin a\u00f1adir ni quitar lo que el tiempo ha preservado.<\/li>\n<\/ul>\n\n\n\n<figure class=\"wp-block-image size-large\"><a href=\"https:\/\/www.magentaeditorial.com\/wp-content\/uploads\/2026\/04\/Servicio-3-Restauracion-scaled.png\"><img loading=\"lazy\" decoding=\"async\" width=\"1024\" height=\"559\" src=\"https:\/\/www.magentaeditorial.com\/wp-content\/uploads\/2026\/04\/Servicio-3-Restauracion-1024x559.png\" alt=\"\" class=\"wp-image-83\" srcset=\"https:\/\/www.magentaeditorial.com\/wp-content\/uploads\/2026\/04\/Servicio-3-Restauracion-1024x559.png 1024w, https:\/\/www.magentaeditorial.com\/wp-content\/uploads\/2026\/04\/Servicio-3-Restauracion-300x164.png 300w, https:\/\/www.magentaeditorial.com\/wp-content\/uploads\/2026\/04\/Servicio-3-Restauracion-768x419.png 768w, https:\/\/www.magentaeditorial.com\/wp-content\/uploads\/2026\/04\/Servicio-3-Restauracion-1536x838.png 1536w, https:\/\/www.magentaeditorial.com\/wp-content\/uploads\/2026\/04\/Servicio-3-Restauracion-2048x1117.png 2048w, https:\/\/www.magentaeditorial.com\/wp-content\/uploads\/2026\/04\/Servicio-3-Restauracion-600x327.png 600w\" sizes=\"auto, (max-width: 1024px) 100vw, 1024px\" \/><\/a><\/figure>\n","protected":false},"excerpt":{"rendered":"<p>Respetamos las cicatrices que el tiempo y el estudio han dejado en tus obras m\u00e1s queridas. Un libro que ha sido le\u00eddo y consultado tiene una historia que va m\u00e1s all\u00e1 de sus palabras. Nuestro servicio de restauraci\u00f3n no busca borrar el pasado, sino devolverle al libro su funcionalidad y dignidad.<\/p>\n","protected":false},"author":1,"featured_media":83,"parent":0,"menu_order":0,"comment_status":"closed","ping_status":"closed","template":"","meta":{"footnotes":""},"class_list":["post-78","page","type-page","status-publish","has-post-thumbnail","hentry"],"_links":{"self":[{"href":"https:\/\/www.magentaeditorial.com\/index.php?rest_route=\/wp\/v2\/pages\/78","targetHints":{"allow":["GET"]}}],"collection":[{"href":"https:\/\/www.magentaeditorial.com\/index.php?rest_route=\/wp\/v2\/pages"}],"about":[{"href":"https:\/\/www.magentaeditorial.com\/index.php?rest_route=\/wp\/v2\/types\/page"}],"author":[{"embeddable":true,"href":"https:\/\/www.magentaeditorial.com\/index.php?rest_route=\/wp\/v2\/users\/1"}],"replies":[{"embeddable":true,"href":"https:\/\/www.magentaeditorial.com\/index.php?rest_route=%2Fwp%2Fv2%2Fcomments&post=78"}],"version-history":[{"count":1,"href":"https:\/\/www.magentaeditorial.com\/index.php?rest_route=\/wp\/v2\/pages\/78\/revisions"}],"predecessor-version":[{"id":84,"href":"https:\/\/www.magentaeditorial.com\/index.php?rest_route=\/wp\/v2\/pages\/78\/revisions\/84"}],"wp:featuredmedia":[{"embeddable":true,"href":"https:\/\/www.magentaeditorial.com\/index.php?rest_route=\/wp\/v2\/media\/83"}],"wp:attachment":[{"href":"https:\/\/www.magentaeditorial.com\/index.php?rest_route=%2Fwp%2Fv2%2Fmedia&parent=78"}],"curies":[{"name":"wp","href":"https:\/\/api.w.org\/{rel}","templated":true}]}}