{"id":74,"date":"2026-04-29T12:30:42","date_gmt":"2026-04-29T17:30:42","guid":{"rendered":"https:\/\/www.magentaeditorial.com\/?page_id=74"},"modified":"2026-04-29T12:30:43","modified_gmt":"2026-04-29T17:30:43","slug":"venta-de-libros-el-legado-de-la-tradicion","status":"publish","type":"page","link":"https:\/\/www.magentaeditorial.com\/?page_id=74","title":{"rendered":"Venta de Libros: El Legado de la Tradici\u00f3n"},"content":{"rendered":"\n<p><em>El coraz\u00f3n de nuestra casa editorial.<\/em><\/p>\n\n\n\n<p>Seleccionamos y ponemos a tu disposici\u00f3n obras de ciencia y filosof\u00eda espiritual que act\u00faan como faros en el camino del buscador. En nuestro cat\u00e1logo no encontrar\u00e1s libros por azar, sino t\u00edtulos curados bajo la premisa de la excelencia intelectual y la profundidad del alma. Cada ejemplar que sale de nuestras manos ha sido elegido para alimentar el pensamiento cr\u00edtico y la aspiraci\u00f3n espiritual, garantizando que el conocimiento que adquieres sea una base s\u00f3lida para tu evoluci\u00f3n personal.<\/p>\n\n\n\n<figure class=\"wp-block-image size-large\"><a href=\"https:\/\/www.magentaeditorial.com\/wp-content\/uploads\/2026\/04\/Servicio-Venta-Libros-scaled.png\"><img loading=\"lazy\" decoding=\"async\" width=\"1024\" height=\"559\" src=\"https:\/\/www.magentaeditorial.com\/wp-content\/uploads\/2026\/04\/Servicio-Venta-Libros-1024x559.png\" alt=\"\" class=\"wp-image-79\" srcset=\"https:\/\/www.magentaeditorial.com\/wp-content\/uploads\/2026\/04\/Servicio-Venta-Libros-1024x559.png 1024w, https:\/\/www.magentaeditorial.com\/wp-content\/uploads\/2026\/04\/Servicio-Venta-Libros-300x164.png 300w, https:\/\/www.magentaeditorial.com\/wp-content\/uploads\/2026\/04\/Servicio-Venta-Libros-768x419.png 768w, https:\/\/www.magentaeditorial.com\/wp-content\/uploads\/2026\/04\/Servicio-Venta-Libros-1536x838.png 1536w, https:\/\/www.magentaeditorial.com\/wp-content\/uploads\/2026\/04\/Servicio-Venta-Libros-2048x1117.png 2048w, https:\/\/www.magentaeditorial.com\/wp-content\/uploads\/2026\/04\/Servicio-Venta-Libros-600x327.png 600w\" sizes=\"auto, (max-width: 1024px) 100vw, 1024px\" \/><\/a><\/figure>\n","protected":false},"excerpt":{"rendered":"<p>El coraz\u00f3n de nuestra casa editorial. Seleccionamos y ponemos a tu disposici\u00f3n obras de ciencia y filosof\u00eda espiritual que act\u00faan como faros en el camino del buscador. En nuestro cat\u00e1logo no encontrar\u00e1s libros por azar, sino t\u00edtulos curados bajo la premisa de la excelencia intelectual y la profundidad del alma. Cada ejemplar que sale de [&hellip;]<\/p>\n","protected":false},"author":1,"featured_media":79,"parent":0,"menu_order":0,"comment_status":"closed","ping_status":"closed","template":"","meta":{"footnotes":""},"class_list":["post-74","page","type-page","status-publish","has-post-thumbnail","hentry"],"_links":{"self":[{"href":"https:\/\/www.magentaeditorial.com\/index.php?rest_route=\/wp\/v2\/pages\/74","targetHints":{"allow":["GET"]}}],"collection":[{"href":"https:\/\/www.magentaeditorial.com\/index.php?rest_route=\/wp\/v2\/pages"}],"about":[{"href":"https:\/\/www.magentaeditorial.com\/index.php?rest_route=\/wp\/v2\/types\/page"}],"author":[{"embeddable":true,"href":"https:\/\/www.magentaeditorial.com\/index.php?rest_route=\/wp\/v2\/users\/1"}],"replies":[{"embeddable":true,"href":"https:\/\/www.magentaeditorial.com\/index.php?rest_route=%2Fwp%2Fv2%2Fcomments&post=74"}],"version-history":[{"count":2,"href":"https:\/\/www.magentaeditorial.com\/index.php?rest_route=\/wp\/v2\/pages\/74\/revisions"}],"predecessor-version":[{"id":80,"href":"https:\/\/www.magentaeditorial.com\/index.php?rest_route=\/wp\/v2\/pages\/74\/revisions\/80"}],"wp:featuredmedia":[{"embeddable":true,"href":"https:\/\/www.magentaeditorial.com\/index.php?rest_route=\/wp\/v2\/media\/79"}],"wp:attachment":[{"href":"https:\/\/www.magentaeditorial.com\/index.php?rest_route=%2Fwp%2Fv2%2Fmedia&parent=74"}],"curies":[{"name":"wp","href":"https:\/\/api.w.org\/{rel}","templated":true}]}}